{"id":3,"date":"2020-09-17T02:28:15","date_gmt":"2020-09-17T00:28:15","guid":{"rendered":"http:\/\/26television.com\/?page_id=3"},"modified":"2025-05-29T20:21:29","modified_gmt":"2025-05-30T02:21:29","slug":"politica-privacidad","status":"publish","type":"page","link":"https:\/\/26television.com\/?page_id=3","title":{"rendered":"Politica de privacidad"},"content":{"rendered":"\n<h2 class=\"wp-block-heading\">Quienes somos<\/h2>\n\n\n\n<p>La direcci\u00f3n de nuestra web es: https:\/\/26television.com.<\/p>\n\n\n\n<h2 class=\"wp-block-heading\">Que datos personales recogemos y por que los recogemos<\/h2>\n\n\n\n<h3 class=\"wp-block-heading\">Comentarios<\/h3>\n\n\n\n<p>Cuando los visitantes dejan comentarios en la web, recopilamos los datos que se muestran en el formulario de comentarios, as\u00ed como la direcci\u00f3n IP del visitante y la cadena de agentes de usuario del navegador para ayudar a la detecci\u00f3n de spam.<\/p>\n\n\n\n<p>Una cadena an\u00f3nima creada a partir de tu direcci\u00f3n de correo electr\u00f3nico (tambi\u00e9n llamada hash) puede ser proporcionada al servicio de Gravatar para ver si la estas usando. La pol\u00edtica de privacidad del servicio Gravatar esta disponible aqu\u00ed: https:\/\/automattic.com\/privacy\/. Despu\u00e9s de la aprobaci\u00f3n de tu comentario, la imagen de tu perfil es visible para el publico en el contexto de su comentario.<\/p>\n\n\n\n<h3 class=\"wp-block-heading\">Medios<\/h3>\n\n\n\n<p>Si subes im??genes a la web deber??as evitar subir im??genes con datos de ubicaci??n (GPS EXIF) incluidos. Los visitantes de la web pueden descargar y extraer cualquier dato de localizaci??n de las im??genes de la web.<\/p>\n\n\n\n<h3 class=\"wp-block-heading\">Formularios de contacto<\/h3>\n\n\n\n<h3 class=\"wp-block-heading\">Cookies<\/h3>\n\n\n\n<p>Si dejas un comentario en nuestro sitio puedes elegir guardar tu nombre, direcci??n de correo electr??nico y web en cookies. Esto es para tu comodidad, para que no tengas que volver a rellenar tus datos cuando dejes otro comentario. Estas cookies tendr??n una duraci??n de un a??o.<\/p>\n\n\n\n<p>If you visit our login page, we will set a temporary cookie to determine if your browser accepts cookies. This cookie contains no personal data and is discarded when you close your browser.<\/p>\n\n\n\n<p>Cuando inicias sesi??n, tambi??n instalaremos varias cookies para guardar tu informaci??n de inicio de sesi??n y tus opciones de visualizaci??n de pantalla. Las cookies de inicio de sesi??n duran dos d??as, y las cookies de opciones de pantalla duran un a??o. Si seleccionas &#8220;Recordarme&#8221;, tu inicio de sesi??n perdurar?? durante dos semanas. Si sales de tu cuenta, las cookies de inicio de sesi??n se eliminar??n.<\/p>\n\n\n\n<p>Si editas o publicas un art??culo se guardar?? una cookie adicional en tu navegador. Esta cookie no incluye datos personales y simplemente indica el ID del art??culo que acabas de editar. Caduca despu??s de 1 d??a.<\/p>\n\n\n\n<h3 class=\"wp-block-heading\">Contenido incrustado de otros sitios web<\/h3>\n\n\n\n<p>Los art??culos de este sitio pueden incluir contenido incrustado (por ejemplo, v??deos, im??genes, art??culos, etc.). El contenido incrustado de otras web se comporta exactamente de la misma manera que si el visitante hubiera visitado la otra web.<\/p>\n\n\n\n<p>Estas web pueden recopilar datos sobre ti, utilizar cookies, incrustar un seguimiento adicional de terceros, y supervisar tu interacci??n con ese contenido incrustado, incluido el seguimiento de tu interacci??n con el contenido incrustado si tienes una cuenta y est??s conectado a esa web.<\/p>\n\n\n\n<h3 class=\"wp-block-heading\">Anal??tica<\/h3>\n\n\n\n<h2 class=\"wp-block-heading\">Con qui??n compartimos tus datos<\/h2>\n\n\n\n<h2 class=\"wp-block-heading\">Cu??nto tiempo conservamos tus datos<\/h2>\n\n\n\n<p>Si dejas un comentario, el comentario y sus metadatos se conservan indefinidamente. Esto es para que podamos reconocer y aprobar comentarios sucesivos autom??ticamente en lugar de mantenerlos en una cola de moderaci??n.<\/p>\n\n\n\n<p>De los usuarios que se registran en nuestra web (si los hay), tambi??n almacenamos la informaci??n personal que proporcionan en su perfil de usuario. Todos los usuarios pueden ver, editar o eliminar su informaci??n personal en cualquier momento (excepto que no pueden cambiar su nombre de usuario). Los administradores de la web tambi??n pueden ver y editar esa informaci??n.<\/p>\n\n\n\n<h2 class=\"wp-block-heading\">Qu?? derechos tienes sobre tus datos<\/h2>\n\n\n\n<p>Si tienes una cuenta o has dejado comentarios en esta web, puedes solicitar recibir un archivo de exportaci??n de los datos personales que tenemos sobre ti, incluyendo cualquier dato que nos hayas proporcionado. Tambi??n puedes solicitar que eliminemos cualquier dato personal que tengamos sobre ti. Esto no incluye ning??n dato que estemos obligados a conservar con fines administrativos, legales o de seguridad.<\/p>\n\n\n\n<h2 class=\"wp-block-heading\">D??nde enviamos tus datos<\/h2>\n\n\n\n<p>Los comentarios de los visitantes puede que los revise un servicio de detecci??n autom??tica de spam.<\/p>\n\n\n\n<h2 class=\"wp-block-heading\">Tu informaci??n de contacto<\/h2>\n\n\n\n<h2 class=\"wp-block-heading\">Informaci??n adicional<\/h2>\n\n\n\n<h3 class=\"wp-block-heading\">C??mo protegemos tus datos<\/h3>\n\n\n\n<h3 class=\"wp-block-heading\">Qu?? procedimientos utilizamos contra las brechas de datos<\/h3>\n\n\n\n<h3 class=\"wp-block-heading\">De qu?? terceros recibimos datos<\/h3>\n\n\n\n<h3 class=\"wp-block-heading\">Qu?? tipo de toma de decisiones automatizada y\/o perfilado hacemos con los datos del usuario<\/h3>\n\n\n\n<h3 class=\"wp-block-heading\">Requerimientos regulatorios de revelaci??n de informaci??n del sector<\/h3>\n","protected":false},"excerpt":{"rendered":"<p>Quienes somos La direcci\u00f3n de nuestra web es: https:\/\/26television.com. Que datos personales recogemos y por que los recogemos Comentarios Cuando los visitantes dejan comentarios en la web, recopilamos los datos que se muestran en el formulario de comentarios, as\u00ed como la direcci\u00f3n IP del visitante y la cadena de agentes de usuario del navegador para [&hellip;]<\/p>\n","protected":false},"author":1,"featured_media":0,"parent":0,"menu_order":0,"comment_status":"closed","ping_status":"open","template":"","meta":{"footnotes":""},"class_list":["post-3","page","type-page","status-publish","hentry"],"yoast_head":"<!-- This site is optimized with the Yoast SEO plugin v26.9 - https:\/\/yoast.com\/product\/yoast-seo-wordpress\/ -->\r\n<title>Politica de privacidad - 26 Televisi\u00f3n<\/title>\r\n<meta name=\"robots\" content=\"index, follow, max-snippet:-1, max-image-preview:large, max-video-preview:-1\" \/>\r\n<link rel=\"canonical\" href=\"https:\/\/26television.com\/?page_id=3\" \/>\r\n<meta property=\"og:locale\" content=\"es_ES\" \/>\r\n<meta property=\"og:type\" content=\"article\" \/>\r\n<meta property=\"og:title\" content=\"Politica de privacidad - 26 Televisi\u00f3n\" \/>\r\n<meta property=\"og:description\" content=\"Quienes somos La direcci\u00f3n de nuestra web es: https:\/\/26television.com. Que datos personales recogemos y por que los recogemos Comentarios Cuando los visitantes dejan comentarios en la web, recopilamos los datos que se muestran en el formulario de comentarios, as\u00ed como la direcci\u00f3n IP del visitante y la cadena de agentes de usuario del navegador para [&hellip;]\" \/>\r\n<meta property=\"og:url\" content=\"https:\/\/26television.com\/?page_id=3\" \/>\r\n<meta property=\"og:site_name\" content=\"26 Televisi\u00f3n\" \/>\r\n<meta property=\"article:publisher\" content=\"https:\/\/www.facebook.com\/Canal-Veintiseis-103472998105986\" \/>\r\n<meta property=\"article:modified_time\" content=\"2025-05-30T02:21:29+00:00\" \/>\r\n<meta name=\"twitter:card\" content=\"summary_large_image\" \/>\r\n<meta name=\"twitter:site\" content=\"@CANAL26XELA\" \/>\r\n<meta name=\"twitter:label1\" content=\"Est. reading time\" \/>\n\t<meta name=\"twitter:data1\" content=\"4 minutos\" \/>\r\n<script type=\"application\/ld+json\" class=\"yoast-schema-graph\">{\"@context\":\"https:\/\/schema.org\",\"@graph\":[{\"@type\":\"WebPage\",\"@id\":\"https:\/\/26television.com\/?page_id=3\",\"url\":\"https:\/\/26television.com\/?page_id=3\",\"name\":\"Politica de privacidad - 26 Televisi\u00f3n\",\"isPartOf\":{\"@id\":\"https:\/\/26television.com\/#website\"},\"datePublished\":\"2020-09-17T00:28:15+00:00\",\"dateModified\":\"2025-05-30T02:21:29+00:00\",\"breadcrumb\":{\"@id\":\"https:\/\/26television.com\/?page_id=3#breadcrumb\"},\"inLanguage\":\"es\",\"potentialAction\":[{\"@type\":\"ReadAction\",\"target\":[\"https:\/\/26television.com\/?page_id=3\"]}]},{\"@type\":\"BreadcrumbList\",\"@id\":\"https:\/\/26television.com\/?page_id=3#breadcrumb\",\"itemListElement\":[{\"@type\":\"ListItem\",\"position\":1,\"name\":\"Home\",\"item\":\"https:\/\/26television.com\/\"},{\"@type\":\"ListItem\",\"position\":2,\"name\":\"Politica de privacidad\"}]},{\"@type\":\"WebSite\",\"@id\":\"https:\/\/26television.com\/#website\",\"url\":\"https:\/\/26television.com\/\",\"name\":\"26 Televisi??n\",\"description\":\"Noticias Diarias y el Mejor contenido\",\"publisher\":{\"@id\":\"https:\/\/26television.com\/#organization\"},\"potentialAction\":[{\"@type\":\"SearchAction\",\"target\":{\"@type\":\"EntryPoint\",\"urlTemplate\":\"https:\/\/26television.com\/?s={search_term_string}\"},\"query-input\":{\"@type\":\"PropertyValueSpecification\",\"valueRequired\":true,\"valueName\":\"search_term_string\"}}],\"inLanguage\":\"es\"},{\"@type\":\"Organization\",\"@id\":\"https:\/\/26television.com\/#organization\",\"name\":\"26 Televisi??n\",\"url\":\"https:\/\/26television.com\/\",\"logo\":{\"@type\":\"ImageObject\",\"inLanguage\":\"es\",\"@id\":\"https:\/\/26television.com\/#\/schema\/logo\/image\/\",\"url\":\"https:\/\/26television.com\/wp-content\/uploads\/2020\/09\/cropped-LOGO-NUEVO-GT.png\",\"contentUrl\":\"https:\/\/26television.com\/wp-content\/uploads\/2020\/09\/cropped-LOGO-NUEVO-GT.png\",\"width\":2335,\"height\":2374,\"caption\":\"26 Televisi??n\"},\"image\":{\"@id\":\"https:\/\/26television.com\/#\/schema\/logo\/image\/\"},\"sameAs\":[\"https:\/\/www.facebook.com\/Canal-Veintiseis-103472998105986\",\"https:\/\/x.com\/CANAL26XELA\",\"https:\/\/instagram.com\/canalveintiseis?igshid=1pv7tihsi3ki3\",\"https:\/\/www.youtube.com\/channel\/UCTvfEAhATM8pvGY1UVcqOaQ\"]}]}<\/script>\r\n<!-- \/ Yoast SEO plugin. -->","yoast_head_json":{"title":"Politica de privacidad - 26 Televisi\u00f3n","robots":{"index":"index","follow":"follow","max-snippet":"max-snippet:-1","max-image-preview":"max-image-preview:large","max-video-preview":"max-video-preview:-1"},"canonical":"https:\/\/26television.com\/?page_id=3","og_locale":"es_ES","og_type":"article","og_title":"Politica de privacidad - 26 Televisi\u00f3n","og_description":"Quienes somos La direcci\u00f3n de nuestra web es: https:\/\/26television.com. Que datos personales recogemos y por que los recogemos Comentarios Cuando los visitantes dejan comentarios en la web, recopilamos los datos que se muestran en el formulario de comentarios, as\u00ed como la direcci\u00f3n IP del visitante y la cadena de agentes de usuario del navegador para [&hellip;]","og_url":"https:\/\/26television.com\/?page_id=3","og_site_name":"26 Televisi\u00f3n","article_publisher":"https:\/\/www.facebook.com\/Canal-Veintiseis-103472998105986","article_modified_time":"2025-05-30T02:21:29+00:00","twitter_card":"summary_large_image","twitter_site":"@CANAL26XELA","twitter_misc":{"Est. reading time":"4 minutos"},"schema":{"@context":"https:\/\/schema.org","@graph":[{"@type":"WebPage","@id":"https:\/\/26television.com\/?page_id=3","url":"https:\/\/26television.com\/?page_id=3","name":"Politica de privacidad - 26 Televisi\u00f3n","isPartOf":{"@id":"https:\/\/26television.com\/#website"},"datePublished":"2020-09-17T00:28:15+00:00","dateModified":"2025-05-30T02:21:29+00:00","breadcrumb":{"@id":"https:\/\/26television.com\/?page_id=3#breadcrumb"},"inLanguage":"es","potentialAction":[{"@type":"ReadAction","target":["https:\/\/26television.com\/?page_id=3"]}]},{"@type":"BreadcrumbList","@id":"https:\/\/26television.com\/?page_id=3#breadcrumb","itemListElement":[{"@type":"ListItem","position":1,"name":"Home","item":"https:\/\/26television.com\/"},{"@type":"ListItem","position":2,"name":"Politica de privacidad"}]},{"@type":"WebSite","@id":"https:\/\/26television.com\/#website","url":"https:\/\/26television.com\/","name":"26 Televisi??n","description":"Noticias Diarias y el Mejor contenido","publisher":{"@id":"https:\/\/26television.com\/#organization"},"potentialAction":[{"@type":"SearchAction","target":{"@type":"EntryPoint","urlTemplate":"https:\/\/26television.com\/?s={search_term_string}"},"query-input":{"@type":"PropertyValueSpecification","valueRequired":true,"valueName":"search_term_string"}}],"inLanguage":"es"},{"@type":"Organization","@id":"https:\/\/26television.com\/#organization","name":"26 Televisi??n","url":"https:\/\/26television.com\/","logo":{"@type":"ImageObject","inLanguage":"es","@id":"https:\/\/26television.com\/#\/schema\/logo\/image\/","url":"https:\/\/26television.com\/wp-content\/uploads\/2020\/09\/cropped-LOGO-NUEVO-GT.png","contentUrl":"https:\/\/26television.com\/wp-content\/uploads\/2020\/09\/cropped-LOGO-NUEVO-GT.png","width":2335,"height":2374,"caption":"26 Televisi??n"},"image":{"@id":"https:\/\/26television.com\/#\/schema\/logo\/image\/"},"sameAs":["https:\/\/www.facebook.com\/Canal-Veintiseis-103472998105986","https:\/\/x.com\/CANAL26XELA","https:\/\/instagram.com\/canalveintiseis?igshid=1pv7tihsi3ki3","https:\/\/www.youtube.com\/channel\/UCTvfEAhATM8pvGY1UVcqOaQ"]}]}},"_links":{"self":[{"href":"https:\/\/26television.com\/index.php?rest_route=\/wp\/v2\/pages\/3","targetHints":{"allow":["GET"]}}],"collection":[{"href":"https:\/\/26television.com\/index.php?rest_route=\/wp\/v2\/pages"}],"about":[{"href":"https:\/\/26television.com\/index.php?rest_route=\/wp\/v2\/types\/page"}],"author":[{"embeddable":true,"href":"https:\/\/26television.com\/index.php?rest_route=\/wp\/v2\/users\/1"}],"replies":[{"embeddable":true,"href":"https:\/\/26television.com\/index.php?rest_route=%2Fwp%2Fv2%2Fcomments&post=3"}],"version-history":[{"count":2,"href":"https:\/\/26television.com\/index.php?rest_route=\/wp\/v2\/pages\/3\/revisions"}],"predecessor-version":[{"id":12280,"href":"https:\/\/26television.com\/index.php?rest_route=\/wp\/v2\/pages\/3\/revisions\/12280"}],"wp:attachment":[{"href":"https:\/\/26television.com\/index.php?rest_route=%2Fwp%2Fv2%2Fmedia&parent=3"}],"curies":[{"name":"wp","href":"https:\/\/api.w.org\/{rel}","templated":true}]}}