{"id":361,"date":"2020-11-21T00:50:12","date_gmt":"2020-11-21T06:50:12","guid":{"rendered":"http:\/\/26television.com\/?page_id=361"},"modified":"2025-06-03T19:39:22","modified_gmt":"2025-06-04T01:39:22","slug":"seccion-del-clima","status":"publish","type":"page","link":"https:\/\/26television.com\/?page_id=361","title":{"rendered":"Clima"},"content":{"rendered":"\n<p>Lo ultimo del clima en la regi\u00f3n lo encontraras aqu\u00ed.<\/p>\n\n\n\n<iframe loading=\"lazy\" width=\"650\" height=\"450\" src=\"https:\/\/embed.windy.com\/embed2.html?lat=15.561&#038;lon=-90.857&#038;detailLat=15.561&#038;detailLon=-90.857&#038;width=650&#038;height=450&#038;zoom=5&#038;level=surface&#038;overlay=wind&#038;product=ecmwf&#038;menu=&#038;message=&#038;marker=&#038;calendar=now&#038;pressure=&#038;type=map&#038;location=coordinates&#038;detail=&#038;metricWind=km%2Fh&#038;metricTemp=%C2%B0C&#038;radarRange=-1\" frameborder=\"0\"><\/iframe>\n\n\n\n<p><\/p>\n","protected":false},"excerpt":{"rendered":"<p>Lo ultimo del clima en la regi\u00f3n lo encontraras aqu\u00ed.<\/p>\n","protected":false},"author":1,"featured_media":0,"parent":0,"menu_order":0,"comment_status":"closed","ping_status":"closed","template":"","meta":{"footnotes":""},"class_list":["post-361","page","type-page","status-publish","hentry"],"yoast_head":"<!-- This site is optimized with the Yoast SEO plugin v26.9 - https:\/\/yoast.com\/product\/yoast-seo-wordpress\/ -->\r\n<title>Clima - 26 Televisi\u00f3n<\/title>\r\n<meta name=\"robots\" content=\"index, follow, max-snippet:-1, max-image-preview:large, max-video-preview:-1\" \/>\r\n<link rel=\"canonical\" href=\"https:\/\/26television.com\/?page_id=361\" \/>\r\n<meta property=\"og:locale\" content=\"es_ES\" \/>\r\n<meta property=\"og:type\" content=\"article\" \/>\r\n<meta property=\"og:title\" content=\"Clima - 26 Televisi\u00f3n\" \/>\r\n<meta property=\"og:description\" content=\"Lo ultimo del clima en la regi\u00f3n lo encontraras aqu\u00ed.\" \/>\r\n<meta property=\"og:url\" content=\"https:\/\/26television.com\/?page_id=361\" \/>\r\n<meta property=\"og:site_name\" content=\"26 Televisi\u00f3n\" \/>\r\n<meta property=\"article:publisher\" content=\"https:\/\/www.facebook.com\/Canal-Veintiseis-103472998105986\" \/>\r\n<meta property=\"article:modified_time\" content=\"2025-06-04T01:39:22+00:00\" \/>\r\n<meta name=\"twitter:card\" content=\"summary_large_image\" \/>\r\n<meta name=\"twitter:site\" content=\"@CANAL26XELA\" \/>\r\n<meta name=\"twitter:label1\" content=\"Est. reading time\" \/>\n\t<meta name=\"twitter:data1\" content=\"1 minuto\" \/>\r\n<script type=\"application\/ld+json\" class=\"yoast-schema-graph\">{\"@context\":\"https:\/\/schema.org\",\"@graph\":[{\"@type\":\"WebPage\",\"@id\":\"https:\/\/26television.com\/?page_id=361\",\"url\":\"https:\/\/26television.com\/?page_id=361\",\"name\":\"Clima - 26 Televisi\u00f3n\",\"isPartOf\":{\"@id\":\"https:\/\/26television.com\/#website\"},\"datePublished\":\"2020-11-21T06:50:12+00:00\",\"dateModified\":\"2025-06-04T01:39:22+00:00\",\"breadcrumb\":{\"@id\":\"https:\/\/26television.com\/?page_id=361#breadcrumb\"},\"inLanguage\":\"es\",\"potentialAction\":[{\"@type\":\"ReadAction\",\"target\":[\"https:\/\/26television.com\/?page_id=361\"]}]},{\"@type\":\"BreadcrumbList\",\"@id\":\"https:\/\/26television.com\/?page_id=361#breadcrumb\",\"itemListElement\":[{\"@type\":\"ListItem\",\"position\":1,\"name\":\"Home\",\"item\":\"https:\/\/26television.com\/\"},{\"@type\":\"ListItem\",\"position\":2,\"name\":\"Clima\"}]},{\"@type\":\"WebSite\",\"@id\":\"https:\/\/26television.com\/#website\",\"url\":\"https:\/\/26television.com\/\",\"name\":\"26 Televisi??n\",\"description\":\"Noticias Diarias y el Mejor contenido\",\"publisher\":{\"@id\":\"https:\/\/26television.com\/#organization\"},\"potentialAction\":[{\"@type\":\"SearchAction\",\"target\":{\"@type\":\"EntryPoint\",\"urlTemplate\":\"https:\/\/26television.com\/?s={search_term_string}\"},\"query-input\":{\"@type\":\"PropertyValueSpecification\",\"valueRequired\":true,\"valueName\":\"search_term_string\"}}],\"inLanguage\":\"es\"},{\"@type\":\"Organization\",\"@id\":\"https:\/\/26television.com\/#organization\",\"name\":\"26 Televisi??n\",\"url\":\"https:\/\/26television.com\/\",\"logo\":{\"@type\":\"ImageObject\",\"inLanguage\":\"es\",\"@id\":\"https:\/\/26television.com\/#\/schema\/logo\/image\/\",\"url\":\"https:\/\/26television.com\/wp-content\/uploads\/2020\/09\/cropped-LOGO-NUEVO-GT.png\",\"contentUrl\":\"https:\/\/26television.com\/wp-content\/uploads\/2020\/09\/cropped-LOGO-NUEVO-GT.png\",\"width\":2335,\"height\":2374,\"caption\":\"26 Televisi??n\"},\"image\":{\"@id\":\"https:\/\/26television.com\/#\/schema\/logo\/image\/\"},\"sameAs\":[\"https:\/\/www.facebook.com\/Canal-Veintiseis-103472998105986\",\"https:\/\/x.com\/CANAL26XELA\",\"https:\/\/instagram.com\/canalveintiseis?igshid=1pv7tihsi3ki3\",\"https:\/\/www.youtube.com\/channel\/UCTvfEAhATM8pvGY1UVcqOaQ\"]}]}<\/script>\r\n<!-- \/ Yoast SEO plugin. -->","yoast_head_json":{"title":"Clima - 26 Televisi\u00f3n","robots":{"index":"index","follow":"follow","max-snippet":"max-snippet:-1","max-image-preview":"max-image-preview:large","max-video-preview":"max-video-preview:-1"},"canonical":"https:\/\/26television.com\/?page_id=361","og_locale":"es_ES","og_type":"article","og_title":"Clima - 26 Televisi\u00f3n","og_description":"Lo ultimo del clima en la regi\u00f3n lo encontraras aqu\u00ed.","og_url":"https:\/\/26television.com\/?page_id=361","og_site_name":"26 Televisi\u00f3n","article_publisher":"https:\/\/www.facebook.com\/Canal-Veintiseis-103472998105986","article_modified_time":"2025-06-04T01:39:22+00:00","twitter_card":"summary_large_image","twitter_site":"@CANAL26XELA","twitter_misc":{"Est. reading time":"1 minuto"},"schema":{"@context":"https:\/\/schema.org","@graph":[{"@type":"WebPage","@id":"https:\/\/26television.com\/?page_id=361","url":"https:\/\/26television.com\/?page_id=361","name":"Clima - 26 Televisi\u00f3n","isPartOf":{"@id":"https:\/\/26television.com\/#website"},"datePublished":"2020-11-21T06:50:12+00:00","dateModified":"2025-06-04T01:39:22+00:00","breadcrumb":{"@id":"https:\/\/26television.com\/?page_id=361#breadcrumb"},"inLanguage":"es","potentialAction":[{"@type":"ReadAction","target":["https:\/\/26television.com\/?page_id=361"]}]},{"@type":"BreadcrumbList","@id":"https:\/\/26television.com\/?page_id=361#breadcrumb","itemListElement":[{"@type":"ListItem","position":1,"name":"Home","item":"https:\/\/26television.com\/"},{"@type":"ListItem","position":2,"name":"Clima"}]},{"@type":"WebSite","@id":"https:\/\/26television.com\/#website","url":"https:\/\/26television.com\/","name":"26 Televisi??n","description":"Noticias Diarias y el Mejor contenido","publisher":{"@id":"https:\/\/26television.com\/#organization"},"potentialAction":[{"@type":"SearchAction","target":{"@type":"EntryPoint","urlTemplate":"https:\/\/26television.com\/?s={search_term_string}"},"query-input":{"@type":"PropertyValueSpecification","valueRequired":true,"valueName":"search_term_string"}}],"inLanguage":"es"},{"@type":"Organization","@id":"https:\/\/26television.com\/#organization","name":"26 Televisi??n","url":"https:\/\/26television.com\/","logo":{"@type":"ImageObject","inLanguage":"es","@id":"https:\/\/26television.com\/#\/schema\/logo\/image\/","url":"https:\/\/26television.com\/wp-content\/uploads\/2020\/09\/cropped-LOGO-NUEVO-GT.png","contentUrl":"https:\/\/26television.com\/wp-content\/uploads\/2020\/09\/cropped-LOGO-NUEVO-GT.png","width":2335,"height":2374,"caption":"26 Televisi??n"},"image":{"@id":"https:\/\/26television.com\/#\/schema\/logo\/image\/"},"sameAs":["https:\/\/www.facebook.com\/Canal-Veintiseis-103472998105986","https:\/\/x.com\/CANAL26XELA","https:\/\/instagram.com\/canalveintiseis?igshid=1pv7tihsi3ki3","https:\/\/www.youtube.com\/channel\/UCTvfEAhATM8pvGY1UVcqOaQ"]}]}},"_links":{"self":[{"href":"https:\/\/26television.com\/index.php?rest_route=\/wp\/v2\/pages\/361","targetHints":{"allow":["GET"]}}],"collection":[{"href":"https:\/\/26television.com\/index.php?rest_route=\/wp\/v2\/pages"}],"about":[{"href":"https:\/\/26television.com\/index.php?rest_route=\/wp\/v2\/types\/page"}],"author":[{"embeddable":true,"href":"https:\/\/26television.com\/index.php?rest_route=\/wp\/v2\/users\/1"}],"replies":[{"embeddable":true,"href":"https:\/\/26television.com\/index.php?rest_route=%2Fwp%2Fv2%2Fcomments&post=361"}],"version-history":[{"count":3,"href":"https:\/\/26television.com\/index.php?rest_route=\/wp\/v2\/pages\/361\/revisions"}],"predecessor-version":[{"id":12281,"href":"https:\/\/26television.com\/index.php?rest_route=\/wp\/v2\/pages\/361\/revisions\/12281"}],"wp:attachment":[{"href":"https:\/\/26television.com\/index.php?rest_route=%2Fwp%2Fv2%2Fmedia&parent=361"}],"curies":[{"name":"wp","href":"https:\/\/api.w.org\/{rel}","templated":true}]}}